{"id":752,"date":"2025-02-13T10:02:03","date_gmt":"2025-02-13T10:02:03","guid":{"rendered":"https:\/\/teknocoop.net\/homepage\/"},"modified":"2025-04-17T11:22:49","modified_gmt":"2025-04-17T11:22:49","slug":"homepage","status":"publish","type":"page","link":"https:\/\/teknocoop.net\/en\/","title":{"rendered":"Homepage"},"content":{"rendered":"<h1 class=\"wp-block-heading\">Custom-made luxury design<\/h1>Teknocoop realizza per te soluzioni di arredo su misura. La maestria artigianale nei dettagli unita all&#8217;innovazione di una realt\u00e0 in costante crescita.<h2 class=\"wp-block-heading\">Our expertise in design<\/h2>Uniamo in ogni processo innovazione, tecnologia e sensibilit\u00e0 artistica, trasformando le idee in soluzioni che non solo rispondono a esigenze pratiche, ma ispirano e migliorano la qualit\u00e0 della vita e degli spazi.<br\/><br\/><strong>Per Teknocoop, il design \u00e8 una costante:<\/strong> \u00e8 la stella polare che guida il team, \u00e8 la creativit\u00e0 che diventa concretezza. \u00a0<h3 class=\"wp-block-heading\">Luxury is culture.<br\/>Courage is luxury.<br\/>And luxury is courage.<\/h3><p>We are a supplier, but above all a partner to whom you can entrust your projects.<\/p><p>A dedicated team will guide you <span style=\"color: var(--text-body); font-size: var(--text-m);\">with precision and creativity, straight to <\/span><span style=\"color: var(--text-body); font-size: var(--text-m);\">the result.<\/span><\/p><figure class=\"wp-block-image size-large\"><img alt=\"\" loading=\"lazy\" decoding=\"async\" width=\"1024\" height=\"682\" src=\"https:\/\/teknocoop.net\/wp-content\/uploads\/2025\/02\/008_via20Vetulonia_foto20Edi20Solari_Arch20Manuela20Tognoli-1024x682.webp\" alt=\"\" class=\"wp-image-278\" srcset=\"https:\/\/teknocoop.net\/wp-content\/uploads\/2025\/02\/008_via20Vetulonia_foto20Edi20Solari_Arch20Manuela20Tognoli-1024x682.webp 1024w, https:\/\/teknocoop.net\/wp-content\/uploads\/2025\/02\/008_via20Vetulonia_foto20Edi20Solari_Arch20Manuela20Tognoli-300x200.webp 300w, https:\/\/teknocoop.net\/wp-content\/uploads\/2025\/02\/008_via20Vetulonia_foto20Edi20Solari_Arch20Manuela20Tognoli-768x512.webp 768w, https:\/\/teknocoop.net\/wp-content\/uploads\/2025\/02\/008_via20Vetulonia_foto20Edi20Solari_Arch20Manuela20Tognoli-1536x1024.webp 1536w, https:\/\/teknocoop.net\/wp-content\/uploads\/2025\/02\/008_via20Vetulonia_foto20Edi20Solari_Arch20Manuela20Tognoli.webp 2000w\" sizes=\"auto, (max-width: 1024px) 100vw, 1024px\" \/><\/figure><figure class=\"wp-block-image size-large\"><img alt=\"\" loading=\"lazy\" decoding=\"async\" width=\"683\" height=\"1024\" src=\"https:\/\/teknocoop.net\/wp-content\/uploads\/2025\/03\/14-683x1024.jpg\" alt=\"\" class=\"wp-image-531\" srcset=\"https:\/\/teknocoop.net\/wp-content\/uploads\/2025\/03\/14-683x1024.jpg 683w, https:\/\/teknocoop.net\/wp-content\/uploads\/2025\/03\/14-200x300.jpg 200w, https:\/\/teknocoop.net\/wp-content\/uploads\/2025\/03\/14-768x1152.jpg 768w, https:\/\/teknocoop.net\/wp-content\/uploads\/2025\/03\/14-1024x1536.jpg 1024w, https:\/\/teknocoop.net\/wp-content\/uploads\/2025\/03\/14-1365x2048.jpg 1365w, https:\/\/teknocoop.net\/wp-content\/uploads\/2025\/03\/14-scaled.jpg 1707w\" sizes=\"auto, (max-width: 683px) 100vw, 683px\" \/><\/figure><figure class=\"wp-block-image size-large\"><img alt=\"\" loading=\"lazy\" decoding=\"async\" width=\"768\" height=\"1024\" src=\"https:\/\/teknocoop.net\/wp-content\/uploads\/2025\/03\/02bf3368b0949e0c3f0b4ef22443a63a-768x1024.jpeg\" alt=\"\" class=\"wp-image-549\" srcset=\"https:\/\/teknocoop.net\/wp-content\/uploads\/2025\/03\/02bf3368b0949e0c3f0b4ef22443a63a-768x1024.jpeg 768w, https:\/\/teknocoop.net\/wp-content\/uploads\/2025\/03\/02bf3368b0949e0c3f0b4ef22443a63a-225x300.jpeg 225w, https:\/\/teknocoop.net\/wp-content\/uploads\/2025\/03\/02bf3368b0949e0c3f0b4ef22443a63a-1152x1536.jpeg 1152w, https:\/\/teknocoop.net\/wp-content\/uploads\/2025\/03\/02bf3368b0949e0c3f0b4ef22443a63a.jpeg 1200w\" sizes=\"auto, (max-width: 768px) 100vw, 768px\" \/><\/figure><figure class=\"wp-block-image size-full\"><img alt=\"\" loading=\"lazy\" decoding=\"async\" width=\"233\" height=\"217\" src=\"https:\/\/teknocoop.net\/wp-content\/uploads\/2025\/03\/arsenale-group_logo.png\" alt=\"\" class=\"wp-image-1361\"\/><\/figure><figure class=\"wp-block-image size-full\"><img alt=\"\" decoding=\"async\" src=\"https:\/\/teknocoop.net\/wp-content\/uploads\/2025\/03\/hotel-marechiaro_logo.svg\" alt=\"\" class=\"wp-image-1351\"\/><\/figure><figure class=\"wp-block-image size-large\"><img alt=\"\" loading=\"lazy\" decoding=\"async\" width=\"1024\" height=\"683\" src=\"https:\/\/teknocoop.net\/wp-content\/uploads\/2025\/03\/Mango-logo-1024x683.jpg\" alt=\"\" class=\"wp-image-1344\" srcset=\"https:\/\/teknocoop.net\/wp-content\/uploads\/2025\/03\/Mango-logo-1024x683.jpg 1024w, https:\/\/teknocoop.net\/wp-content\/uploads\/2025\/03\/Mango-logo-300x200.jpg 300w, https:\/\/teknocoop.net\/wp-content\/uploads\/2025\/03\/Mango-logo-768x512.jpg 768w, https:\/\/teknocoop.net\/wp-content\/uploads\/2025\/03\/Mango-logo-1536x1024.jpg 1536w, https:\/\/teknocoop.net\/wp-content\/uploads\/2025\/03\/Mango-logo-2048x1365.jpg 2048w\" sizes=\"auto, (max-width: 1024px) 100vw, 1024px\" \/><\/figure><figure class=\"wp-block-image size-full\"><img alt=\"\" loading=\"lazy\" decoding=\"async\" width=\"259\" height=\"76\" src=\"https:\/\/teknocoop.net\/wp-content\/uploads\/2025\/03\/hotel-minerva_logo-e1742205514837.png\" alt=\"\" class=\"wp-image-1367\"\/><\/figure><figure class=\"wp-block-image size-full\"><img alt=\"\" decoding=\"async\" src=\"https:\/\/teknocoop.net\/wp-content\/uploads\/2025\/03\/forte-milano_logo.png\" alt=\"\" class=\"wp-image-1363\"\/><\/figure><figure class=\"wp-block-image size-full\"><img alt=\"\" loading=\"lazy\" decoding=\"async\" width=\"725\" height=\"500\" src=\"https:\/\/teknocoop.net\/wp-content\/uploads\/2025\/03\/adidas_logo.png\" alt=\"\" class=\"wp-image-1359\" srcset=\"https:\/\/teknocoop.net\/wp-content\/uploads\/2025\/03\/adidas_logo.png 725w, https:\/\/teknocoop.net\/wp-content\/uploads\/2025\/03\/adidas_logo-300x207.png 300w\" sizes=\"auto, (max-width: 725px) 100vw, 725px\" \/><\/figure><h2 class=\"wp-block-heading\">Trustworthy partners<\/h2><p>We manufacture, design and construct for some of the most prestigious national and international brands<\/p><figure class=\"wp-block-image size-full\"><img alt=\"\" loading=\"lazy\" decoding=\"async\" width=\"225\" height=\"225\" src=\"https:\/\/teknocoop.net\/wp-content\/uploads\/2025\/03\/porto-kaleo_logo.png\" alt=\"\" class=\"wp-image-1379\" srcset=\"https:\/\/teknocoop.net\/wp-content\/uploads\/2025\/03\/porto-kaleo_logo.png 225w, https:\/\/teknocoop.net\/wp-content\/uploads\/2025\/03\/porto-kaleo_logo-150x150.png 150w\" sizes=\"auto, (max-width: 225px) 100vw, 225px\" \/><\/figure><figure class=\"wp-block-image size-full\"><img alt=\"\" loading=\"lazy\" decoding=\"async\" width=\"225\" height=\"225\" src=\"https:\/\/teknocoop.net\/wp-content\/uploads\/2025\/03\/rocca-nettuno_logo.png\" alt=\"\" class=\"wp-image-1381\" srcset=\"https:\/\/teknocoop.net\/wp-content\/uploads\/2025\/03\/rocca-nettuno_logo.png 225w, https:\/\/teknocoop.net\/wp-content\/uploads\/2025\/03\/rocca-nettuno_logo-150x150.png 150w\" sizes=\"auto, (max-width: 225px) 100vw, 225px\" \/><\/figure><figure class=\"wp-block-image size-large\"><img alt=\"\" loading=\"lazy\" decoding=\"async\" width=\"1024\" height=\"683\" src=\"https:\/\/teknocoop.net\/wp-content\/uploads\/2025\/02\/Casa-Magna-Grecia-1024x683.jpg\" alt=\"\" class=\"wp-image-315\" srcset=\"https:\/\/teknocoop.net\/wp-content\/uploads\/2025\/02\/Casa-Magna-Grecia-1024x683.jpg 1024w, https:\/\/teknocoop.net\/wp-content\/uploads\/2025\/02\/Casa-Magna-Grecia-300x200.jpg 300w, https:\/\/teknocoop.net\/wp-content\/uploads\/2025\/02\/Casa-Magna-Grecia-768x512.jpg 768w, https:\/\/teknocoop.net\/wp-content\/uploads\/2025\/02\/Casa-Magna-Grecia-1536x1024.jpg 1536w, https:\/\/teknocoop.net\/wp-content\/uploads\/2025\/02\/Casa-Magna-Grecia-2048x1365.jpg 2048w\" sizes=\"auto, (max-width: 1024px) 100vw, 1024px\" \/><\/figure><h2 class=\"wp-block-heading\">Craft you design into life<\/h2><p>From your first idea to the final detail, Teknocoop supports you in the creation of your custom-made furniture, combining experience, innovation, design, and craftsmanship.<\/p><div class=\"wp-block-buttons is-layout-flex wp-block-buttons-is-layout-flex\"><div class=\"wp-block-button\"><a class=\"wp-block-button__link\">Schedule your call<\/a><\/div><\/div><div class=\"wp-block-buttons is-layout-flex wp-block-buttons-is-layout-flex\"><div class=\"wp-block-button\"><a class=\"wp-block-button__link\">Discover our services<\/a><\/div><\/div><h2 class=\"wp-block-heading\">We are solution makers<\/h2>Ogni progetto ha una storia, e il nostro compito \u00e8 trasformarlo in realt\u00e0. <br\/> \u2028Diamo forma alle idee con soluzioni su misura, grazie a un approccio che unisce servizi strutturati a un\u2019elevata cura dei dettagli. \u00c8 cos\u00ec che diamo vita a design unici e innovativi.<h3 class=\"wp-block-heading\">{post_title}<\/h3>Scopri di pi\u00f9<p>We are not only a supplier: we are above all a trustworthy partner in realizing custom-made furnitures and projects.<\/p><p>We support projects with creativity, precision, and an attitude toward the final result.<\/p><h2 class=\"wp-block-heading\">We adapt our attitude<\/h2>Teknocoop risponde a ogni esigenza, adattandosi a diversi settori e richieste. In particolare, si rivolge a:Hotel<h3 class=\"wp-block-heading\">Lorem ipsum<\/h3><figure class=\"wp-block-image size-large\"><img decoding=\"async\" src=\"https:\/\/acss.brixies.co\/wp-content\/uploads\/2023\/10\/Img-placeholder-16-9-1024x577.png\" alt=\"\"\/><\/figure><h3 class=\"wp-block-heading\">Lorem ipsum<\/h3>Aliqua id fugiat nostrud irure ex duis ea quis id quis ad et. Sunt qui esse pariatur duis deserunt mollit dolore.<h3 class=\"wp-block-heading\">Lorem ipsum<\/h3><figure class=\"wp-block-image size-large\"><img decoding=\"async\" src=\"https:\/\/acss.brixies.co\/wp-content\/uploads\/2023\/10\/Img-placeholder-16-9-1024x577.png\" alt=\"\"\/><\/figure><h3 class=\"wp-block-heading\">Lorem ipsum<\/h3>Aliqua id fugiat nostrud irure ex duis ea quis id quis ad et. Sunt qui esse pariatur duis deserunt mollit dolore.<h3 class=\"wp-block-heading\">{post_title}<\/h3><figure class=\"wp-block-image size-full\"><img alt=\"\" loading=\"lazy\" decoding=\"async\" width=\"1024\" height=\"683\" src=\"https:\/\/teknocoop.net\/wp-content\/uploads\/2025\/02\/Hang-Loose-Cottage_00069-1024x683-1.jpg\" alt=\"\" class=\"wp-image-291\" srcset=\"https:\/\/teknocoop.net\/wp-content\/uploads\/2025\/02\/Hang-Loose-Cottage_00069-1024x683-1.jpg 1024w, https:\/\/teknocoop.net\/wp-content\/uploads\/2025\/02\/Hang-Loose-Cottage_00069-1024x683-1-300x200.jpg 300w, https:\/\/teknocoop.net\/wp-content\/uploads\/2025\/02\/Hang-Loose-Cottage_00069-1024x683-1-768x512.jpg 768w\" sizes=\"auto, (max-width: 1024px) 100vw, 1024px\" \/><\/figure><figure class=\"wp-block-image size-full\"><img alt=\"\" loading=\"lazy\" decoding=\"async\" width=\"2415\" height=\"706\" src=\"https:\/\/teknocoop.net\/wp-content\/uploads\/2025\/03\/baglioni-resort_logo.png\" alt=\"\" class=\"wp-image-1383\" srcset=\"https:\/\/teknocoop.net\/wp-content\/uploads\/2025\/03\/baglioni-resort_logo.png 2415w, https:\/\/teknocoop.net\/wp-content\/uploads\/2025\/03\/baglioni-resort_logo-300x88.png 300w, https:\/\/teknocoop.net\/wp-content\/uploads\/2025\/03\/baglioni-resort_logo-1024x299.png 1024w, https:\/\/teknocoop.net\/wp-content\/uploads\/2025\/03\/baglioni-resort_logo-768x225.png 768w, https:\/\/teknocoop.net\/wp-content\/uploads\/2025\/03\/baglioni-resort_logo-1536x449.png 1536w, https:\/\/teknocoop.net\/wp-content\/uploads\/2025\/03\/baglioni-resort_logo-2048x599.png 2048w\" sizes=\"auto, (max-width: 2415px) 100vw, 2415px\" \/><\/figure><figure class=\"wp-block-image size-full\"><img alt=\"\" loading=\"lazy\" decoding=\"async\" width=\"636\" height=\"250\" src=\"https:\/\/teknocoop.net\/wp-content\/uploads\/2025\/03\/hotel-degli-artisti_logo.png\" alt=\"\" class=\"wp-image-1389\" srcset=\"https:\/\/teknocoop.net\/wp-content\/uploads\/2025\/03\/hotel-degli-artisti_logo.png 636w, https:\/\/teknocoop.net\/wp-content\/uploads\/2025\/03\/hotel-degli-artisti_logo-300x118.png 300w\" sizes=\"auto, (max-width: 636px) 100vw, 636px\" \/><\/figure><figure class=\"wp-block-image size-full\"><img alt=\"\" loading=\"lazy\" decoding=\"async\" width=\"260\" height=\"185\" src=\"https:\/\/teknocoop.net\/wp-content\/uploads\/2025\/03\/hang-loose-cottage_logo.png\" alt=\"\" class=\"wp-image-1387\"\/><\/figure><figure class=\"wp-block-image size-full\"><img alt=\"\" loading=\"lazy\" decoding=\"async\" width=\"383\" height=\"160\" src=\"https:\/\/teknocoop.net\/wp-content\/uploads\/2025\/03\/zeppola-bakery_logo.png\" alt=\"\" class=\"wp-image-1393\" srcset=\"https:\/\/teknocoop.net\/wp-content\/uploads\/2025\/03\/zeppola-bakery_logo.png 383w, https:\/\/teknocoop.net\/wp-content\/uploads\/2025\/03\/zeppola-bakery_logo-300x125.png 300w\" sizes=\"auto, (max-width: 383px) 100vw, 383px\" \/><\/figure><figure class=\"wp-block-image size-full\"><img alt=\"\" loading=\"lazy\" decoding=\"async\" width=\"1600\" height=\"752\" src=\"https:\/\/teknocoop.net\/wp-content\/uploads\/2025\/03\/logo-atom-space.png\" alt=\"\" class=\"wp-image-1556\" srcset=\"https:\/\/teknocoop.net\/wp-content\/uploads\/2025\/03\/logo-atom-space.png 1600w, https:\/\/teknocoop.net\/wp-content\/uploads\/2025\/03\/logo-atom-space-300x141.png 300w, https:\/\/teknocoop.net\/wp-content\/uploads\/2025\/03\/logo-atom-space-1024x481.png 1024w, https:\/\/teknocoop.net\/wp-content\/uploads\/2025\/03\/logo-atom-space-768x361.png 768w, https:\/\/teknocoop.net\/wp-content\/uploads\/2025\/03\/logo-atom-space-1536x722.png 1536w\" sizes=\"auto, (max-width: 1600px) 100vw, 1600px\" \/><\/figure><figure class=\"wp-block-image size-full\"><img alt=\"\" decoding=\"async\" src=\"https:\/\/teknocoop.net\/wp-content\/uploads\/2025\/03\/howar-hotel-orly_logo.png\" alt=\"\" class=\"wp-image-1369\"\/><\/figure><figure class=\"wp-block-image size-full\"><img alt=\"\" loading=\"lazy\" decoding=\"async\" width=\"225\" height=\"225\" src=\"https:\/\/teknocoop.net\/wp-content\/uploads\/2025\/03\/il-quadrifoglio_logo.png\" alt=\"\" class=\"wp-image-1371\" srcset=\"https:\/\/teknocoop.net\/wp-content\/uploads\/2025\/03\/il-quadrifoglio_logo.png 225w, https:\/\/teknocoop.net\/wp-content\/uploads\/2025\/03\/il-quadrifoglio_logo-150x150.png 150w\" sizes=\"auto, (max-width: 225px) 100vw, 225px\" \/><\/figure><figure class=\"wp-block-image size-full\"><img alt=\"\" loading=\"lazy\" decoding=\"async\" width=\"450\" height=\"450\" src=\"https:\/\/teknocoop.net\/wp-content\/uploads\/2025\/03\/mammara_logo.png\" alt=\"\" class=\"wp-image-1373\" srcset=\"https:\/\/teknocoop.net\/wp-content\/uploads\/2025\/03\/mammara_logo.png 450w, https:\/\/teknocoop.net\/wp-content\/uploads\/2025\/03\/mammara_logo-300x300.png 300w, https:\/\/teknocoop.net\/wp-content\/uploads\/2025\/03\/mammara_logo-150x150.png 150w\" sizes=\"auto, (max-width: 450px) 100vw, 450px\" \/><\/figure><figure class=\"wp-block-image size-full\"><img alt=\"\" loading=\"lazy\" decoding=\"async\" width=\"200\" height=\"200\" src=\"https:\/\/teknocoop.net\/wp-content\/uploads\/2025\/03\/piccola-cucina_logo.png\" alt=\"\" class=\"wp-image-1377\" srcset=\"https:\/\/teknocoop.net\/wp-content\/uploads\/2025\/03\/piccola-cucina_logo.png 200w, https:\/\/teknocoop.net\/wp-content\/uploads\/2025\/03\/piccola-cucina_logo-150x150.png 150w\" sizes=\"auto, (max-width: 200px) 100vw, 200px\" \/><\/figure><figure class=\"wp-block-image size-full\"><img alt=\"\" loading=\"lazy\" decoding=\"async\" width=\"233\" height=\"217\" src=\"https:\/\/teknocoop.net\/wp-content\/uploads\/2025\/03\/arsenale-group_logo.png\" alt=\"\" class=\"wp-image-1361\"\/><\/figure><figure class=\"wp-block-image size-full\"><img alt=\"\" decoding=\"async\" src=\"https:\/\/teknocoop.net\/wp-content\/uploads\/2025\/03\/forte-milano_logo.png\" alt=\"\" class=\"wp-image-1363\"\/><\/figure><figure class=\"wp-block-image size-full\"><img alt=\"\" loading=\"lazy\" decoding=\"async\" width=\"259\" height=\"76\" src=\"https:\/\/teknocoop.net\/wp-content\/uploads\/2025\/03\/hotel-minerva_logo-e1742205514837.png\" alt=\"\" class=\"wp-image-1367\"\/><\/figure><figure class=\"wp-block-image size-large\"><img alt=\"\" loading=\"lazy\" decoding=\"async\" width=\"1024\" height=\"683\" src=\"https:\/\/teknocoop.net\/wp-content\/uploads\/2025\/03\/Mango-logo-1024x683.jpg\" alt=\"\" class=\"wp-image-1344\" srcset=\"https:\/\/teknocoop.net\/wp-content\/uploads\/2025\/03\/Mango-logo-1024x683.jpg 1024w, https:\/\/teknocoop.net\/wp-content\/uploads\/2025\/03\/Mango-logo-300x200.jpg 300w, https:\/\/teknocoop.net\/wp-content\/uploads\/2025\/03\/Mango-logo-768x512.jpg 768w, https:\/\/teknocoop.net\/wp-content\/uploads\/2025\/03\/Mango-logo-1536x1024.jpg 1536w, https:\/\/teknocoop.net\/wp-content\/uploads\/2025\/03\/Mango-logo-2048x1365.jpg 2048w\" sizes=\"auto, (max-width: 1024px) 100vw, 1024px\" \/><\/figure><figure class=\"wp-block-image size-full\"><img alt=\"\" decoding=\"async\" src=\"https:\/\/teknocoop.net\/wp-content\/uploads\/2025\/03\/howar-hotel-orly_logo.png\" alt=\"\" class=\"wp-image-1369\"\/><\/figure><figure class=\"wp-block-image size-full\"><img alt=\"\" loading=\"lazy\" decoding=\"async\" width=\"225\" height=\"225\" src=\"https:\/\/teknocoop.net\/wp-content\/uploads\/2025\/03\/il-quadrifoglio_logo.png\" alt=\"\" class=\"wp-image-1371\" srcset=\"https:\/\/teknocoop.net\/wp-content\/uploads\/2025\/03\/il-quadrifoglio_logo.png 225w, https:\/\/teknocoop.net\/wp-content\/uploads\/2025\/03\/il-quadrifoglio_logo-150x150.png 150w\" sizes=\"auto, (max-width: 225px) 100vw, 225px\" \/><\/figure><figure class=\"wp-block-image size-full\"><img alt=\"\" loading=\"lazy\" decoding=\"async\" width=\"450\" height=\"450\" src=\"https:\/\/teknocoop.net\/wp-content\/uploads\/2025\/03\/mammara_logo.png\" alt=\"\" class=\"wp-image-1373\" srcset=\"https:\/\/teknocoop.net\/wp-content\/uploads\/2025\/03\/mammara_logo.png 450w, https:\/\/teknocoop.net\/wp-content\/uploads\/2025\/03\/mammara_logo-300x300.png 300w, https:\/\/teknocoop.net\/wp-content\/uploads\/2025\/03\/mammara_logo-150x150.png 150w\" sizes=\"auto, (max-width: 450px) 100vw, 450px\" \/><\/figure><figure class=\"wp-block-image size-full\"><img alt=\"\" loading=\"lazy\" decoding=\"async\" width=\"725\" height=\"500\" src=\"https:\/\/teknocoop.net\/wp-content\/uploads\/2025\/03\/adidas_logo.png\" alt=\"\" class=\"wp-image-1359\" srcset=\"https:\/\/teknocoop.net\/wp-content\/uploads\/2025\/03\/adidas_logo.png 725w, https:\/\/teknocoop.net\/wp-content\/uploads\/2025\/03\/adidas_logo-300x207.png 300w\" sizes=\"auto, (max-width: 725px) 100vw, 725px\" \/><\/figure><figure class=\"wp-block-image size-full\"><img alt=\"\" loading=\"lazy\" decoding=\"async\" width=\"225\" height=\"225\" src=\"https:\/\/teknocoop.net\/wp-content\/uploads\/2025\/03\/porto-kaleo_logo.png\" alt=\"\" class=\"wp-image-1379\" srcset=\"https:\/\/teknocoop.net\/wp-content\/uploads\/2025\/03\/porto-kaleo_logo.png 225w, https:\/\/teknocoop.net\/wp-content\/uploads\/2025\/03\/porto-kaleo_logo-150x150.png 150w\" sizes=\"auto, (max-width: 225px) 100vw, 225px\" \/><\/figure><figure class=\"wp-block-image size-full\"><img alt=\"\" loading=\"lazy\" decoding=\"async\" width=\"200\" height=\"200\" src=\"https:\/\/teknocoop.net\/wp-content\/uploads\/2025\/03\/piccola-cucina_logo.png\" alt=\"\" class=\"wp-image-1377\" srcset=\"https:\/\/teknocoop.net\/wp-content\/uploads\/2025\/03\/piccola-cucina_logo.png 200w, https:\/\/teknocoop.net\/wp-content\/uploads\/2025\/03\/piccola-cucina_logo-150x150.png 150w\" sizes=\"auto, (max-width: 200px) 100vw, 200px\" \/><\/figure><figure class=\"wp-block-image size-full\"><img alt=\"\" loading=\"lazy\" decoding=\"async\" width=\"225\" height=\"225\" src=\"https:\/\/teknocoop.net\/wp-content\/uploads\/2025\/03\/rocca-nettuno_logo.png\" alt=\"\" class=\"wp-image-1381\" srcset=\"https:\/\/teknocoop.net\/wp-content\/uploads\/2025\/03\/rocca-nettuno_logo.png 225w, https:\/\/teknocoop.net\/wp-content\/uploads\/2025\/03\/rocca-nettuno_logo-150x150.png 150w\" sizes=\"auto, (max-width: 225px) 100vw, 225px\" \/><\/figure><figure class=\"wp-block-image size-full\"><img alt=\"\" loading=\"lazy\" decoding=\"async\" width=\"1600\" height=\"752\" src=\"https:\/\/teknocoop.net\/wp-content\/uploads\/2025\/03\/logo-atom-space.png\" alt=\"\" class=\"wp-image-1556\" srcset=\"https:\/\/teknocoop.net\/wp-content\/uploads\/2025\/03\/logo-atom-space.png 1600w, https:\/\/teknocoop.net\/wp-content\/uploads\/2025\/03\/logo-atom-space-300x141.png 300w, https:\/\/teknocoop.net\/wp-content\/uploads\/2025\/03\/logo-atom-space-1024x481.png 1024w, https:\/\/teknocoop.net\/wp-content\/uploads\/2025\/03\/logo-atom-space-768x361.png 768w, https:\/\/teknocoop.net\/wp-content\/uploads\/2025\/03\/logo-atom-space-1536x722.png 1536w\" sizes=\"auto, (max-width: 1600px) 100vw, 1600px\" \/><\/figure><figure class=\"wp-block-image size-full\"><img alt=\"\" loading=\"lazy\" decoding=\"async\" width=\"636\" height=\"250\" src=\"https:\/\/teknocoop.net\/wp-content\/uploads\/2025\/03\/hotel-degli-artisti_logo.png\" alt=\"\" class=\"wp-image-1389\" srcset=\"https:\/\/teknocoop.net\/wp-content\/uploads\/2025\/03\/hotel-degli-artisti_logo.png 636w, https:\/\/teknocoop.net\/wp-content\/uploads\/2025\/03\/hotel-degli-artisti_logo-300x118.png 300w\" sizes=\"auto, (max-width: 636px) 100vw, 636px\" \/><\/figure><figure class=\"wp-block-image size-full\"><img alt=\"\" loading=\"lazy\" decoding=\"async\" width=\"383\" height=\"160\" src=\"https:\/\/teknocoop.net\/wp-content\/uploads\/2025\/03\/zeppola-bakery_logo.png\" alt=\"\" class=\"wp-image-1393\" srcset=\"https:\/\/teknocoop.net\/wp-content\/uploads\/2025\/03\/zeppola-bakery_logo.png 383w, https:\/\/teknocoop.net\/wp-content\/uploads\/2025\/03\/zeppola-bakery_logo-300x125.png 300w\" sizes=\"auto, (max-width: 383px) 100vw, 383px\" \/><\/figure><figure class=\"wp-block-image size-full\"><img alt=\"\" loading=\"lazy\" decoding=\"async\" width=\"2415\" height=\"706\" src=\"https:\/\/teknocoop.net\/wp-content\/uploads\/2025\/03\/baglioni-resort_logo.png\" alt=\"\" class=\"wp-image-1383\" srcset=\"https:\/\/teknocoop.net\/wp-content\/uploads\/2025\/03\/baglioni-resort_logo.png 2415w, https:\/\/teknocoop.net\/wp-content\/uploads\/2025\/03\/baglioni-resort_logo-300x88.png 300w, https:\/\/teknocoop.net\/wp-content\/uploads\/2025\/03\/baglioni-resort_logo-1024x299.png 1024w, https:\/\/teknocoop.net\/wp-content\/uploads\/2025\/03\/baglioni-resort_logo-768x225.png 768w, https:\/\/teknocoop.net\/wp-content\/uploads\/2025\/03\/baglioni-resort_logo-1536x449.png 1536w, https:\/\/teknocoop.net\/wp-content\/uploads\/2025\/03\/baglioni-resort_logo-2048x599.png 2048w\" sizes=\"auto, (max-width: 2415px) 100vw, 2415px\" \/><\/figure><figure class=\"wp-block-image size-full\"><img alt=\"\" loading=\"lazy\" decoding=\"async\" width=\"260\" height=\"185\" src=\"https:\/\/teknocoop.net\/wp-content\/uploads\/2025\/03\/hang-loose-cottage_logo.png\" alt=\"\" class=\"wp-image-1387\"\/><\/figure><figure class=\"wp-block-image size-full\"><img alt=\"\" decoding=\"async\" src=\"https:\/\/teknocoop.net\/wp-content\/uploads\/2025\/03\/hotel-marechiaro_logo.svg\" alt=\"\" class=\"wp-image-1351\"\/><\/figure>","protected":false},"excerpt":{"rendered":"<p>Custom-made luxury design Teknocoop realizza per te soluzioni di arredo su misura. La maestria artigianale nei dettagli unita all&#8217;innovazione di una realt\u00e0 in costante crescita. Our expertise in design Uniamo in ogni processo innovazione, tecnologia e sensibilit\u00e0 artistica, trasformando le idee in soluzioni che non solo rispondono a esigenze pratiche, ma ispirano e migliorano la [&hellip;]<\/p>\n","protected":false},"author":1,"featured_media":0,"parent":0,"menu_order":0,"comment_status":"closed","ping_status":"closed","template":"","meta":{"_acf_changed":false,"_seopress_robots_primary_cat":"","_seopress_titles_title":"","_seopress_titles_desc":"","_seopress_robots_index":"","footnotes":""},"class_list":["post-752","page","type-page","status-publish","hentry"],"acf":[],"_links":{"self":[{"href":"https:\/\/teknocoop.net\/en\/wp-json\/wp\/v2\/pages\/752","targetHints":{"allow":["GET"]}}],"collection":[{"href":"https:\/\/teknocoop.net\/en\/wp-json\/wp\/v2\/pages"}],"about":[{"href":"https:\/\/teknocoop.net\/en\/wp-json\/wp\/v2\/types\/page"}],"author":[{"embeddable":true,"href":"https:\/\/teknocoop.net\/en\/wp-json\/wp\/v2\/users\/1"}],"replies":[{"embeddable":true,"href":"https:\/\/teknocoop.net\/en\/wp-json\/wp\/v2\/comments?post=752"}],"version-history":[{"count":13,"href":"https:\/\/teknocoop.net\/en\/wp-json\/wp\/v2\/pages\/752\/revisions"}],"predecessor-version":[{"id":1824,"href":"https:\/\/teknocoop.net\/en\/wp-json\/wp\/v2\/pages\/752\/revisions\/1824"}],"wp:attachment":[{"href":"https:\/\/teknocoop.net\/en\/wp-json\/wp\/v2\/media?parent=752"}],"curies":[{"name":"wp","href":"https:\/\/api.w.org\/{rel}","templated":true}]}}